{"id":1234,"date":"2023-09-07T17:10:24","date_gmt":"2023-09-07T15:10:24","guid":{"rendered":"https:\/\/clinicanido.es\/contact\/"},"modified":"2023-11-15T12:52:54","modified_gmt":"2023-11-15T11:52:54","slug":"contact","status":"publish","type":"page","link":"https:\/\/clinicanido.es\/en\/contact\/","title":{"rendered":"Contact"},"content":{"rendered":"<div class=\"wpb-content-wrapper\">[vc_row][vc_column][vc_gmaps link=&#8221;#E-8_JTNDaWZyYW1lJTIwc3JjJTNEJTIyaHR0cHMlM0ElMkYlMkZ3d3cuZ29vZ2xlLmNvbSUyRm1hcHMlMkZlbWJlZCUzRnBiJTNEJTIxMW0xNCUyMTFtOCUyMTFtMyUyMTFkMTIzMjAuMTU3MTU4MTg3MTY5JTIxMmQtMC4zNTEzMTEyJTIxM2QzOS40Njg0NDExJTIxM20yJTIxMWkxMDI0JTIxMmk3NjglMjE0ZjEzLjElMjEzbTMlMjExbTIlMjExczB4ZDYwNDg5NDc3Zjg4MTJkJTI1M0EweDU4NzIzOGUxOGYwNDRlMjUlMjEyc0NsJTI1QzMlMjVBRG5pY2ElMjUyMHZldGVyaW5hcmlhJTI1MjBOaWRvJTIxNWUwJTIxM20yJTIxMXNlcyUyMTJzZXMlMjE0djE2OTcxMTc1NTM4NDAlMjE1bTIlMjExc2VzJTIxMnNlcyUyMiUyMHdpZHRoJTNEJTIyNjAwJTIyJTIwaGVpZ2h0JTNEJTIyNDUwJTIyJTIwc3R5bGUlM0QlMjJib3JkZXIlM0EwJTNCJTIyJTIwYWxsb3dmdWxsc2NyZWVuJTNEJTIyJTIyJTIwbG9hZGluZyUzRCUyMmxhenklMjIlMjByZWZlcnJlcnBvbGljeSUzRCUyMm5vLXJlZmVycmVyLXdoZW4tZG93bmdyYWRlJTIyJTNFJTNDJTJGaWZyYW1lJTNF&#8221; size=&#8221;standard&#8221;][\/vc_column][\/vc_row][vc_row css=&#8221;.vc_custom_1697121575672{padding-top: 3% !important;padding-right: 10% !important;padding-bottom: 5% !important;padding-left: 10% !important;background-color: #efefef !important;}&#8221;][vc_column][vc_row_inner gap=&#8221;35&#8243;][vc_column_inner width=&#8221;1\/2&#8243;]<div class=\"elegant-icon-block elegant-align-left\" style=\"background: background: -webkit-gradient(linear, left top, right top, from(#efefef), to(#efefef));background: -webkit-linear-gradient(0deg, #efefef, #efefef);background: -moz-linear-gradient(0deg, #efefef, #efefef);background: -ms-linear-gradient(0deg, #efefef, #efefef);background: -o-linear-gradient(0deg, #efefef, #efefef);;border-color:#efefef;\"><div class=\"elegant-icon-block-icon-wrapper elegant-icon-block-icon-position-top\"><span class=\"elegant-icon-block-icon fas fa-crow\" style=\"color:#3fa4d8;font-size:48px;\"><\/span><\/div><div class=\"elegant-icon-block-title-wrapper\"><h3 class=\"elegant-icon-block-title\" style=\"color:#3fa4d8;font-size:28px;\">Contact<\/h3><\/div><div class=\"elegant-icon-block-description\" style=\"color:#000000;font-size:23px;\"><p>Tfno: 963227304<\/p>\n<p>Emergencies: 688941333<\/p>\n<p>E-mail: contacto@clinicanido.es<\/p><\/div><\/div>[vc_column_text][vc_row][vc_column]<script type=\"text\/javascript\">var gform;gform||(document.addEventListener(\"gform_main_scripts_loaded\",function(){gform.scriptsLoaded=!0}),window.addEventListener(\"DOMContentLoaded\",function(){gform.domLoaded=!0}),gform={domLoaded:!1,scriptsLoaded:!1,initializeOnLoaded:function(o){gform.domLoaded&&gform.scriptsLoaded?o():!gform.domLoaded&&gform.scriptsLoaded?window.addEventListener(\"DOMContentLoaded\",o):document.addEventListener(\"gform_main_scripts_loaded\",o)},hooks:{action:{},filter:{}},addAction:function(o,n,r,t){gform.addHook(\"action\",o,n,r,t)},addFilter:function(o,n,r,t){gform.addHook(\"filter\",o,n,r,t)},doAction:function(o){gform.doHook(\"action\",o,arguments)},applyFilters:function(o){return gform.doHook(\"filter\",o,arguments)},removeAction:function(o,n){gform.removeHook(\"action\",o,n)},removeFilter:function(o,n,r){gform.removeHook(\"filter\",o,n,r)},addHook:function(o,n,r,t,i){null==gform.hooks[o][n]&&(gform.hooks[o][n]=[]);var e=gform.hooks[o][n];null==i&&(i=n+\"_\"+e.length),gform.hooks[o][n].push({tag:i,callable:r,priority:t=null==t?10:t})},doHook:function(n,o,r){var t;if(r=Array.prototype.slice.call(r,1),null!=gform.hooks[n][o]&&((o=gform.hooks[n][o]).sort(function(o,n){return o.priority-n.priority}),o.forEach(function(o){\"function\"!=typeof(t=o.callable)&&(t=window[t]),\"action\"==n?t.apply(null,r):r[0]=t.apply(null,r)})),\"filter\"==n)return r[0]},removeHook:function(o,n,t,i){var r;null!=gform.hooks[o][n]&&(r=(r=gform.hooks[o][n]).filter(function(o,n,r){return!!(null!=i&&i!=o.tag||null!=t&&t!=o.priority)}),gform.hooks[o][n]=r)}});<\/script>\n                <div class='gf_browser_gecko gform_wrapper gravity-theme' id='gform_wrapper_1' ><form method='post' enctype='multipart\/form-data'  id='gform_1'  action='\/en\/wp-json\/wp\/v2\/pages\/1234' novalidate>\n                        <div class='gform_body gform-body'><div id='gform_fields_1' class='gform_fields top_label form_sublabel_below description_below'><div id=\"field_1_1\"  class=\"gfield gfield--width-third field_sublabel_below field_description_below hidden_label gfield_visibility_visible\"  data-js-reload=\"field_1_1\"><label class='gfield_label' for='input_1_1' >Nombre<\/label><div class='ginput_container ginput_container_text'><input name='input_1' id='input_1_1' type='text' value='' class='large'    placeholder='Nombre'  aria-invalid=\"false\"   \/> <\/div><\/div><div id=\"field_1_3\"  class=\"gfield gfield--width-third field_sublabel_below field_description_below hidden_label gfield_visibility_visible\"  data-js-reload=\"field_1_3\"><label class='gfield_label' for='input_1_3' >E-mail<\/label><div class='ginput_container ginput_container_text'><input name='input_3' id='input_1_3' type='text' value='' class='large'    placeholder='E-mail'  aria-invalid=\"false\"   \/> <\/div><\/div><div id=\"field_1_4\"  class=\"gfield gfield--width-third field_sublabel_below field_description_below hidden_label gfield_visibility_visible\"  data-js-reload=\"field_1_4\"><label class='gfield_label' for='input_1_4' >Tel\u00e9fono<\/label><div class='ginput_container ginput_container_text'><input name='input_4' id='input_1_4' type='text' value='' class='large'    placeholder='Tel\u00e9fono'  aria-invalid=\"false\"   \/> <\/div><\/div><div id=\"field_1_6\"  class=\"gfield gfield--width-half field_sublabel_below field_description_below gfield_visibility_visible\"  data-js-reload=\"field_1_6\"><label class='gfield_label' for='input_1_6' >Selecciona tu mascota:<\/label><div class='ginput_container ginput_container_multiselect'><select multiple='multiple' data-placeholder='Click to select...' size='7' name='input_6[]' id='input_1_6' class='large gfield_select'   aria-invalid=\"false\"  ><option value='Conejo' >Conejo<\/option><option value='Hur\u00f3n' >Hur\u00f3n<\/option><option value='Rata' >Rata<\/option><option value='Cobaya' >Cobaya<\/option><option value='Chinchilla' >Chinchilla<\/option><option value='Deg\u00fa' >Deg\u00fa<\/option><option value='Jerbo' >Jerbo<\/option><option value='Loro' >Loro<\/option><option value='Periquito' >Periquito<\/option><option value='Canario' >Canario<\/option><option value='Palomas' >Palomas<\/option><option value='Agaporni' >Agaporni<\/option><option value='Ave' >Ave<\/option><option value='Tortuga' >Tortuga<\/option><option value='Serpiente' >Serpiente<\/option><option value='Iguana' >Iguana<\/option><option value='Drag\u00f3n Barbudo' >Drag\u00f3n Barbudo<\/option><option value='Geko' >Geko<\/option><option value='Boa' >Boa<\/option><option value='Pit\u00f3n' >Pit\u00f3n<\/option><option value='Serpiente' >Serpiente<\/option><\/select><\/div><\/div><div id=\"field_1_12\"  class=\"gfield gfield--width-half field_sublabel_below field_description_below gfield_visibility_visible\"  data-js-reload=\"field_1_12\"><label class='gfield_label' for='input_1_12' >Selecciona servicio:<\/label><div class='ginput_container ginput_container_multiselect'><select multiple='multiple' data-placeholder='Click to select...' size='7' name='input_12[]' id='input_1_12' class='large gfield_select'   aria-invalid=\"false\"  ><option value='Medicina Interna' >Medicina Interna<\/option><option value='Medicina preventiva' >Medicina preventiva<\/option><option value='Hospitalizaci\u00f3n y cuidados intensivos' >Hospitalizaci\u00f3n y cuidados intensivos<\/option><option value='Laboratorio' >Laboratorio<\/option><option value='Odontolog\u00eda' >Odontolog\u00eda<\/option><option value='Cirug\u00eda' >Cirug\u00eda<\/option><option value='Radiolog\u00eda y diagn\u00f3stico por imagen' >Radiolog\u00eda y diagn\u00f3stico por imagen<\/option><option value='Asesoramiento y control sanitario' >Asesoramiento y control sanitario<\/option><option value='Tienda de accesorios y pienso' >Tienda de accesorios y pienso<\/option><\/select><\/div><\/div><div id=\"field_1_9\"  class=\"gfield gfield--width-full field_sublabel_below field_description_below hidden_label gfield_visibility_visible\"  data-js-reload=\"field_1_9\"><label class='gfield_label' for='input_1_9' >Mensaje<\/label><div class='ginput_container ginput_container_textarea'><textarea name='input_9' id='input_1_9' class='textarea large'    placeholder='Escribe tu mensaje'  aria-invalid=\"false\"   rows='10' cols='50'><\/textarea><\/div><\/div><fieldset id=\"field_1_10\"  class=\"gfield gfield--width-full gfield_contains_required field_sublabel_below field_description_below hidden_label gfield_visibility_visible\"  data-js-reload=\"field_1_10\"><legend class='gfield_label gfield_label_before_complex'  >Consentimiento<span class=\"gfield_required\"><span class=\"gfield_required gfield_required_text\">(Required)<\/span><\/span><\/legend><div class='ginput_container ginput_container_consent'><input name='input_10.1' id='input_1_10_1' type='checkbox' value='1'  aria-describedby=\"gfield_consent_description_1_10\" aria-required=\"true\" aria-invalid=\"false\"   \/> <label class=\"gfield_consent_label\" for='input_1_10_1' >Estoy de acuerdo con la <a href=\"http:\/\/clinicanido.es\/aviso-legal\/\" target=\"_blank\" rel=\"noopener\">pol\u00edtica de privacidad y protecci\u00f3n de datos<\/a><\/label><span class=\"gfield_required gfield_required_text\">(Required)<\/span><input type='hidden' name='input_10.2' value='Estoy de acuerdo con la &lt;a href=&quot;http:\/\/clinicanido.es\/aviso-legal\/&quot; target=&quot;_blank&quot; rel=&quot;noopener&quot;&gt;pol\u00edtica de privacidad y protecci\u00f3n de datos&lt;\/a&gt;' class='gform_hidden' \/><input type='hidden' name='input_10.3' value='2' class='gform_hidden' \/><\/div><div class='gfield_description gfield_consent_description' id='gfield_consent_description_1_10'>Tus datos no se usar\u00e1n con fines comerciales<\/div><\/fieldset><div id=\"field_1_11\"  class=\"gfield gfield--width-full field_sublabel_below field_description_below hidden_label gfield_visibility_visible\"  data-js-reload=\"field_1_11\"><label class='gfield_label' for='input_1_11' >CAPTCHA<\/label><div id='input_1_11' class='ginput_container ginput_recaptcha' data-sitekey='6Lc91Q4pAAAAAGBXEpL9AFhGtJQpd2qq5JTddv4B'  data-theme='light' data-tabindex='0'  data-badge=''><\/div><\/div><div id=\"field_1_13\"  class=\"gfield gform_validation_container field_sublabel_below field_description_below gfield_visibility_visible\"  data-js-reload=\"field_1_13\"><label class='gfield_label' for='input_1_13' >Email<\/label><div class='ginput_container'><input name='input_13' id='input_1_13' type='text' value='' autocomplete='new-password'\/><\/div><div class='gfield_description' id='gfield_description_1_13'>This field is for validation purposes and should be left unchanged.<\/div><\/div><\/div><\/div>\n        <div class='gform_footer top_label'> <input type='submit' id='gform_submit_button_1' class='gform_button button' value='Enviar'  onclick='if(window[\"gf_submitting_1\"]){return false;}  if( !jQuery(\"#gform_1\")[0].checkValidity || jQuery(\"#gform_1\")[0].checkValidity()){window[\"gf_submitting_1\"]=true;}  ' onkeypress='if( event.keyCode == 13 ){ if(window[\"gf_submitting_1\"]){return false;} if( !jQuery(\"#gform_1\")[0].checkValidity || jQuery(\"#gform_1\")[0].checkValidity()){window[\"gf_submitting_1\"]=true;}  jQuery(\"#gform_1\").trigger(\"submit\",[true]); }' \/> \n            <input type='hidden' class='gform_hidden' name='is_submit_1' value='1' \/>\n            <input type='hidden' class='gform_hidden' name='gform_submit' value='1' \/>\n            \n            <input type='hidden' class='gform_hidden' name='gform_unique_id' value='' \/>\n            <input type='hidden' class='gform_hidden' name='state_1' value='WyJ7XCIxMC4xXCI6XCI0YmRhNjc4MGQ0ZTY4MWI1ZmIxY2YwMTI5MGQ5ZTdhM1wiLFwiMTAuMlwiOlwiZjA4MjJlMWZkM2UzOWVhYmE2MGRhYjJkOWQzNjczMzRcIixcIjEwLjNcIjpcImYwNzNhZWI1ZmUxMGU0MTU2OGQwMWJkZDFkMjg3YmI4XCJ9IiwiYjExMGZiNjY1MTlmMWQzMTFiYzdmNzNiMTM1OWJlNzYiXQ==' \/>\n            <input type='hidden' class='gform_hidden' name='gform_target_page_number_1' id='gform_target_page_number_1' value='0' \/>\n            <input type='hidden' class='gform_hidden' name='gform_source_page_number_1' id='gform_source_page_number_1' value='1' \/>\n            <input type='hidden' name='gform_field_values' value='' \/>\n            \n        <\/div>\n                        <\/form>\n                        <\/div>[\/vc_column][\/vc_row]\n[\/vc_column_text][\/vc_column_inner][vc_column_inner width=&#8221;1\/2&#8243;]<div class=\"elegant-icon-block elegant-align-left\" style=\"background: background: -webkit-gradient(linear, left top, right top, from(#efefef), to(#efefef));background: -webkit-linear-gradient(0deg, #efefef, #efefef);background: -moz-linear-gradient(0deg, #efefef, #efefef);background: -ms-linear-gradient(0deg, #efefef, #efefef);background: -o-linear-gradient(0deg, #efefef, #efefef);;border-color:#efefef;\"><div class=\"elegant-icon-block-icon-wrapper elegant-icon-block-icon-position-top\"><span class=\"elegant-icon-block-icon fas fa-fish\" style=\"color:#5db5a5;font-size:48px;\"><\/span><\/div><div class=\"elegant-icon-block-title-wrapper\"><h3 class=\"elegant-icon-block-title\" style=\"color:#5db5a5;font-size:28px;\">Schedule<\/h3><\/div><div class=\"elegant-icon-block-description\" style=\"color:#000000;font-size:23px;\"><p>Monday to Friday: 09:30 - 21:00<br \/>\nSaturdays: 09:30 - 14:00<br \/>\n24 HOUR EMERGENCIES<\/p><\/div><\/div><div class=\"elegant-icon-block elegant-align-left\" style=\"background: background: -webkit-gradient(linear, left top, right top, from(#efefef), to(#efefef));background: -webkit-linear-gradient(0deg, #efefef, #efefef);background: -moz-linear-gradient(0deg, #efefef, #efefef);background: -ms-linear-gradient(0deg, #efefef, #efefef);background: -o-linear-gradient(0deg, #efefef, #efefef);;border-color:#efefef;\"><div class=\"elegant-icon-block-icon-wrapper elegant-icon-block-icon-position-top\"><span class=\"elegant-icon-block-icon fas fa-dove\" style=\"color:#e6d648;font-size:48px;\"><\/span><\/div><div class=\"elegant-icon-block-title-wrapper\"><h3 class=\"elegant-icon-block-title\" style=\"color:#e6d648;font-size:28px;\">Where we are<\/h3><\/div><div class=\"elegant-icon-block-description\" style=\"color:#000000;font-size:23px;\"><p>Address: C\/ Lorenzo Palmire\u00f1o N\u00ba4 Bajo 46021 Valencia.<\/p>\n<p>How to get there:<br \/>\nMetro: Lines: 5, 7 | Stops: Amistad<br \/>\nBus: Lines: 2, 3, 4, 18, 89, 90, 30, 32, 40<\/p><\/div><\/div>[\/vc_column_inner][\/vc_row_inner][\/vc_column][\/vc_row][vc_row][vc_column][\/vc_column][\/vc_row]\n<\/div>","protected":false},"excerpt":{"rendered":"[vc_row][vc_column][vc_gmaps link=&#8221;#E-8_JTNDaWZyYW1lJTIwc3JjJTNEJTIyaHR0cHMlM0ElMkYlMkZ3d3cuZ29vZ2xlLmNvbSUyRm1hcHMlMkZlbWJlZCUzRnBiJTNEJTIxMW0xNCUyMTFtOCUyMTFtMyUyMTFkMTIzMjAuMTU3MTU4MTg3MTY5JTIxMmQtMC4zNTEzMTEyJTIxM2QzOS40Njg0NDExJTIxM20yJTIxMWkxMDI0JTIxMmk3NjglMjE0ZjEzLjElMjEzbTMlMjExbTIlMjExczB4ZDYwNDg5NDc3Zjg4MTJkJTI1M0EweDU4NzIzOGUxOGYwNDRlMjUlMjEyc0NsJTI1QzMlMjVBRG5pY2ElMjUyMHZldGVyaW5hcmlhJTI1MjBOaWRvJTIxNWUwJTIxM20yJTIxMXNlcyUyMTJzZXMlMjE0djE2OTcxMTc1NTM4NDAlMjE1bTIlMjExc2VzJTIxMnNlcyUyMiUyMHdpZHRoJTNEJTIyNjAwJTIyJTIwaGVpZ2h0JTNEJTIyNDUwJTIyJTIwc3R5bGUlM0QlMjJib3JkZXIlM0EwJTNCJTIyJTIwYWxsb3dmdWxsc2NyZWVuJTNEJTIyJTIyJTIwbG9hZGluZyUzRCUyMmxhenklMjIlMjByZWZlcnJlcnBvbGljeSUzRCUyMm5vLXJlZmVycmVyLXdoZW4tZG93bmdyYWRlJTIyJTNFJTNDJTJGaWZyYW1lJTNF&#8221; size=&#8221;standard&#8221;][\/vc_column][\/vc_row][vc_row css=&#8221;.vc_custom_1697121575672{padding-top: 3% !important;padding-right: 10% !important;padding-bottom: 5% !important;padding-left: 10% !important;background-color: #efefef !important;}&#8221;][vc_column][vc_row_inner gap=&#8221;35&#8243;][vc_column_inner width=&#8221;1\/2&#8243;][vc_column_text] [\/vc_column_text][\/vc_column_inner][vc_column_inner width=&#8221;1\/2&#8243;][\/vc_column_inner][\/vc_row_inner][\/vc_column][\/vc_row][vc_row][vc_column][\/vc_column][\/vc_row]\n","protected":false},"author":1,"featured_media":0,"parent":0,"menu_order":0,"comment_status":"closed","ping_status":"closed","template":"page-blank.php","meta":{"footnotes":""},"class_list":["post-1234","page","type-page","status-publish","hentry"],"yoast_head":"<!-- This site is optimized with the Yoast SEO plugin v27.3 - https:\/\/yoast.com\/product\/yoast-seo-wordpress\/ -->\n<title>Contact &#8226; Clinica Nido<\/title>\n<meta name=\"robots\" content=\"index, follow, max-snippet:-1, max-image-preview:large, max-video-preview:-1\" \/>\n<link rel=\"canonical\" href=\"https:\/\/clinicanido.es\/en\/contact\/\" \/>\n<meta property=\"og:locale\" content=\"en_US\" \/>\n<meta property=\"og:type\" content=\"article\" \/>\n<meta property=\"og:title\" content=\"Contact &#8226; Clinica Nido\" \/>\n<meta property=\"og:description\" content=\"[vc_row][vc_column][vc_gmaps link=&#8221;#E-8_JTNDaWZyYW1lJTIwc3JjJTNEJTIyaHR0cHMlM0ElMkYlMkZ3d3cuZ29vZ2xlLmNvbSUyRm1hcHMlMkZlbWJlZCUzRnBiJTNEJTIxMW0xNCUyMTFtOCUyMTFtMyUyMTFkMTIzMjAuMTU3MTU4MTg3MTY5JTIxMmQtMC4zNTEzMTEyJTIxM2QzOS40Njg0NDExJTIxM20yJTIxMWkxMDI0JTIxMmk3NjglMjE0ZjEzLjElMjEzbTMlMjExbTIlMjExczB4ZDYwNDg5NDc3Zjg4MTJkJTI1M0EweDU4NzIzOGUxOGYwNDRlMjUlMjEyc0NsJTI1QzMlMjVBRG5pY2ElMjUyMHZldGVyaW5hcmlhJTI1MjBOaWRvJTIxNWUwJTIxM20yJTIxMXNlcyUyMTJzZXMlMjE0djE2OTcxMTc1NTM4NDAlMjE1bTIlMjExc2VzJTIxMnNlcyUyMiUyMHdpZHRoJTNEJTIyNjAwJTIyJTIwaGVpZ2h0JTNEJTIyNDUwJTIyJTIwc3R5bGUlM0QlMjJib3JkZXIlM0EwJTNCJTIyJTIwYWxsb3dmdWxsc2NyZWVuJTNEJTIyJTIyJTIwbG9hZGluZyUzRCUyMmxhenklMjIlMjByZWZlcnJlcnBvbGljeSUzRCUyMm5vLXJlZmVycmVyLXdoZW4tZG93bmdyYWRlJTIyJTNFJTNDJTJGaWZyYW1lJTNF&#8221; size=&#8221;standard&#8221;][\/vc_column][\/vc_row][vc_row css=&#8221;.vc_custom_1697121575672{padding-top: 3% !important;padding-right: 10% !important;padding-bottom: 5% !important;padding-left: 10% !important;background-color: #efefef !important;}&#8221;][vc_column][vc_row_inner gap=&#8221;35&#8243;][vc_column_inner width=&#8221;1\/2&#8243;][vc_column_text] [\/vc_column_text][\/vc_column_inner][vc_column_inner width=&#8221;1\/2&#8243;][\/vc_column_inner][\/vc_row_inner][\/vc_column][\/vc_row][vc_row][vc_column][\/vc_column][\/vc_row]\" \/>\n<meta property=\"og:url\" content=\"https:\/\/clinicanido.es\/en\/contact\/\" \/>\n<meta property=\"og:site_name\" content=\"Clinica Nido\" \/>\n<meta property=\"article:publisher\" content=\"https:\/\/www.facebook.com\/clinicanidovalencia\/\" \/>\n<meta property=\"article:modified_time\" content=\"2023-11-15T11:52:54+00:00\" \/>\n<meta property=\"og:image\" content=\"https:\/\/clinicanido.es\/wp-content\/uploads\/2023\/11\/Captura-de-pantalla-2023-11-13-a-las-17.37.47.png\" \/>\n\t<meta property=\"og:image:width\" content=\"539\" \/>\n\t<meta property=\"og:image:height\" content=\"216\" \/>\n\t<meta property=\"og:image:type\" content=\"image\/png\" \/>\n<meta name=\"twitter:card\" content=\"summary_large_image\" \/>\n<meta name=\"twitter:site\" content=\"@clinica_nido\" \/>\n<meta name=\"twitter:label1\" content=\"Est. reading time\" \/>\n\t<meta name=\"twitter:data1\" content=\"1 minute\" \/>\n<script type=\"application\/ld+json\" class=\"yoast-schema-graph\">{\"@context\":\"https:\\\/\\\/schema.org\",\"@graph\":[{\"@type\":\"WebPage\",\"@id\":\"https:\\\/\\\/clinicanido.es\\\/en\\\/contact\\\/\",\"url\":\"https:\\\/\\\/clinicanido.es\\\/en\\\/contact\\\/\",\"name\":\"Contact &#8226; Clinica Nido\",\"isPartOf\":{\"@id\":\"https:\\\/\\\/clinicanido.es\\\/en\\\/#website\"},\"datePublished\":\"2023-09-07T15:10:24+00:00\",\"dateModified\":\"2023-11-15T11:52:54+00:00\",\"breadcrumb\":{\"@id\":\"https:\\\/\\\/clinicanido.es\\\/en\\\/contact\\\/#breadcrumb\"},\"inLanguage\":\"en-US\",\"potentialAction\":[{\"@type\":\"ReadAction\",\"target\":[\"https:\\\/\\\/clinicanido.es\\\/en\\\/contact\\\/\"]}]},{\"@type\":\"BreadcrumbList\",\"@id\":\"https:\\\/\\\/clinicanido.es\\\/en\\\/contact\\\/#breadcrumb\",\"itemListElement\":[{\"@type\":\"ListItem\",\"position\":1,\"name\":\"Portada\",\"item\":\"https:\\\/\\\/clinicanido.es\\\/en\\\/\"},{\"@type\":\"ListItem\",\"position\":2,\"name\":\"Contact\"}]},{\"@type\":\"WebSite\",\"@id\":\"https:\\\/\\\/clinicanido.es\\\/en\\\/#website\",\"url\":\"https:\\\/\\\/clinicanido.es\\\/en\\\/\",\"name\":\"Clinica Nido\",\"description\":\"Cl\u00ednica Veterinaria especializad en animales ex\u00f3ticos\",\"publisher\":{\"@id\":\"https:\\\/\\\/clinicanido.es\\\/en\\\/#organization\"},\"alternateName\":\"Cl\u00ednica de animales ex\u00f3ticos\",\"potentialAction\":[{\"@type\":\"SearchAction\",\"target\":{\"@type\":\"EntryPoint\",\"urlTemplate\":\"https:\\\/\\\/clinicanido.es\\\/en\\\/?s={search_term_string}\"},\"query-input\":{\"@type\":\"PropertyValueSpecification\",\"valueRequired\":true,\"valueName\":\"search_term_string\"}}],\"inLanguage\":\"en-US\"},{\"@type\":\"Organization\",\"@id\":\"https:\\\/\\\/clinicanido.es\\\/en\\\/#organization\",\"name\":\"Cl\u00ednica Nido\",\"url\":\"https:\\\/\\\/clinicanido.es\\\/en\\\/\",\"logo\":{\"@type\":\"ImageObject\",\"inLanguage\":\"en-US\",\"@id\":\"https:\\\/\\\/clinicanido.es\\\/en\\\/#\\\/schema\\\/logo\\\/image\\\/\",\"url\":\"https:\\\/\\\/clinicanido.es\\\/wp-content\\\/uploads\\\/2023\\\/11\\\/Captura-de-pantalla-2023-11-13-a-las-17.37.47.png\",\"contentUrl\":\"https:\\\/\\\/clinicanido.es\\\/wp-content\\\/uploads\\\/2023\\\/11\\\/Captura-de-pantalla-2023-11-13-a-las-17.37.47.png\",\"width\":539,\"height\":216,\"caption\":\"Cl\u00ednica Nido\"},\"image\":{\"@id\":\"https:\\\/\\\/clinicanido.es\\\/en\\\/#\\\/schema\\\/logo\\\/image\\\/\"},\"sameAs\":[\"https:\\\/\\\/www.facebook.com\\\/clinicanidovalencia\\\/\",\"https:\\\/\\\/x.com\\\/clinica_nido\",\"https:\\\/\\\/www.instagram.com\\\/clinicanido\\\/\"]}]}<\/script>\n<!-- \/ Yoast SEO plugin. -->","yoast_head_json":{"title":"Contact &#8226; Clinica Nido","robots":{"index":"index","follow":"follow","max-snippet":"max-snippet:-1","max-image-preview":"max-image-preview:large","max-video-preview":"max-video-preview:-1"},"canonical":"https:\/\/clinicanido.es\/en\/contact\/","og_locale":"en_US","og_type":"article","og_title":"Contact &#8226; Clinica Nido","og_description":"[vc_row][vc_column][vc_gmaps link=&#8221;#E-8_JTNDaWZyYW1lJTIwc3JjJTNEJTIyaHR0cHMlM0ElMkYlMkZ3d3cuZ29vZ2xlLmNvbSUyRm1hcHMlMkZlbWJlZCUzRnBiJTNEJTIxMW0xNCUyMTFtOCUyMTFtMyUyMTFkMTIzMjAuMTU3MTU4MTg3MTY5JTIxMmQtMC4zNTEzMTEyJTIxM2QzOS40Njg0NDExJTIxM20yJTIxMWkxMDI0JTIxMmk3NjglMjE0ZjEzLjElMjEzbTMlMjExbTIlMjExczB4ZDYwNDg5NDc3Zjg4MTJkJTI1M0EweDU4NzIzOGUxOGYwNDRlMjUlMjEyc0NsJTI1QzMlMjVBRG5pY2ElMjUyMHZldGVyaW5hcmlhJTI1MjBOaWRvJTIxNWUwJTIxM20yJTIxMXNlcyUyMTJzZXMlMjE0djE2OTcxMTc1NTM4NDAlMjE1bTIlMjExc2VzJTIxMnNlcyUyMiUyMHdpZHRoJTNEJTIyNjAwJTIyJTIwaGVpZ2h0JTNEJTIyNDUwJTIyJTIwc3R5bGUlM0QlMjJib3JkZXIlM0EwJTNCJTIyJTIwYWxsb3dmdWxsc2NyZWVuJTNEJTIyJTIyJTIwbG9hZGluZyUzRCUyMmxhenklMjIlMjByZWZlcnJlcnBvbGljeSUzRCUyMm5vLXJlZmVycmVyLXdoZW4tZG93bmdyYWRlJTIyJTNFJTNDJTJGaWZyYW1lJTNF&#8221; size=&#8221;standard&#8221;][\/vc_column][\/vc_row][vc_row css=&#8221;.vc_custom_1697121575672{padding-top: 3% !important;padding-right: 10% !important;padding-bottom: 5% !important;padding-left: 10% !important;background-color: #efefef !important;}&#8221;][vc_column][vc_row_inner gap=&#8221;35&#8243;][vc_column_inner width=&#8221;1\/2&#8243;][vc_column_text] [\/vc_column_text][\/vc_column_inner][vc_column_inner width=&#8221;1\/2&#8243;][\/vc_column_inner][\/vc_row_inner][\/vc_column][\/vc_row][vc_row][vc_column][\/vc_column][\/vc_row]","og_url":"https:\/\/clinicanido.es\/en\/contact\/","og_site_name":"Clinica Nido","article_publisher":"https:\/\/www.facebook.com\/clinicanidovalencia\/","article_modified_time":"2023-11-15T11:52:54+00:00","og_image":[{"width":539,"height":216,"url":"https:\/\/clinicanido.es\/wp-content\/uploads\/2023\/11\/Captura-de-pantalla-2023-11-13-a-las-17.37.47.png","type":"image\/png"}],"twitter_card":"summary_large_image","twitter_site":"@clinica_nido","twitter_misc":{"Est. reading time":"1 minute"},"schema":{"@context":"https:\/\/schema.org","@graph":[{"@type":"WebPage","@id":"https:\/\/clinicanido.es\/en\/contact\/","url":"https:\/\/clinicanido.es\/en\/contact\/","name":"Contact &#8226; Clinica Nido","isPartOf":{"@id":"https:\/\/clinicanido.es\/en\/#website"},"datePublished":"2023-09-07T15:10:24+00:00","dateModified":"2023-11-15T11:52:54+00:00","breadcrumb":{"@id":"https:\/\/clinicanido.es\/en\/contact\/#breadcrumb"},"inLanguage":"en-US","potentialAction":[{"@type":"ReadAction","target":["https:\/\/clinicanido.es\/en\/contact\/"]}]},{"@type":"BreadcrumbList","@id":"https:\/\/clinicanido.es\/en\/contact\/#breadcrumb","itemListElement":[{"@type":"ListItem","position":1,"name":"Portada","item":"https:\/\/clinicanido.es\/en\/"},{"@type":"ListItem","position":2,"name":"Contact"}]},{"@type":"WebSite","@id":"https:\/\/clinicanido.es\/en\/#website","url":"https:\/\/clinicanido.es\/en\/","name":"Clinica Nido","description":"Cl\u00ednica Veterinaria especializad en animales ex\u00f3ticos","publisher":{"@id":"https:\/\/clinicanido.es\/en\/#organization"},"alternateName":"Cl\u00ednica de animales ex\u00f3ticos","potentialAction":[{"@type":"SearchAction","target":{"@type":"EntryPoint","urlTemplate":"https:\/\/clinicanido.es\/en\/?s={search_term_string}"},"query-input":{"@type":"PropertyValueSpecification","valueRequired":true,"valueName":"search_term_string"}}],"inLanguage":"en-US"},{"@type":"Organization","@id":"https:\/\/clinicanido.es\/en\/#organization","name":"Cl\u00ednica Nido","url":"https:\/\/clinicanido.es\/en\/","logo":{"@type":"ImageObject","inLanguage":"en-US","@id":"https:\/\/clinicanido.es\/en\/#\/schema\/logo\/image\/","url":"https:\/\/clinicanido.es\/wp-content\/uploads\/2023\/11\/Captura-de-pantalla-2023-11-13-a-las-17.37.47.png","contentUrl":"https:\/\/clinicanido.es\/wp-content\/uploads\/2023\/11\/Captura-de-pantalla-2023-11-13-a-las-17.37.47.png","width":539,"height":216,"caption":"Cl\u00ednica Nido"},"image":{"@id":"https:\/\/clinicanido.es\/en\/#\/schema\/logo\/image\/"},"sameAs":["https:\/\/www.facebook.com\/clinicanidovalencia\/","https:\/\/x.com\/clinica_nido","https:\/\/www.instagram.com\/clinicanido\/"]}]}},"_links":{"self":[{"href":"https:\/\/clinicanido.es\/en\/wp-json\/wp\/v2\/pages\/1234","targetHints":{"allow":["GET"]}}],"collection":[{"href":"https:\/\/clinicanido.es\/en\/wp-json\/wp\/v2\/pages"}],"about":[{"href":"https:\/\/clinicanido.es\/en\/wp-json\/wp\/v2\/types\/page"}],"author":[{"embeddable":true,"href":"https:\/\/clinicanido.es\/en\/wp-json\/wp\/v2\/users\/1"}],"replies":[{"embeddable":true,"href":"https:\/\/clinicanido.es\/en\/wp-json\/wp\/v2\/comments?post=1234"}],"version-history":[{"count":3,"href":"https:\/\/clinicanido.es\/en\/wp-json\/wp\/v2\/pages\/1234\/revisions"}],"predecessor-version":[{"id":1331,"href":"https:\/\/clinicanido.es\/en\/wp-json\/wp\/v2\/pages\/1234\/revisions\/1331"}],"wp:attachment":[{"href":"https:\/\/clinicanido.es\/en\/wp-json\/wp\/v2\/media?parent=1234"}],"curies":[{"name":"wp","href":"https:\/\/api.w.org\/{rel}","templated":true}]}}